{"id":2861,"date":"2022-04-27T10:01:30","date_gmt":"2022-04-27T10:01:30","guid":{"rendered":"https:\/\/www.asiasuport.org\/politica-de-proteccion-de-datos\/"},"modified":"2022-07-15T07:11:22","modified_gmt":"2022-07-15T07:11:22","slug":"politica-de-proteccio-de-dades","status":"publish","type":"page","link":"https:\/\/www.asiasuport.org\/ca\/politica-de-proteccio-de-dades\/","title":{"rendered":"Pol\u00edtica de protecci\u00f3 de dades"},"content":{"rendered":"<p>[et_pb_section fb_built=&#8221;1&#8243; _builder_version=&#8221;4.16&#8243; global_colors_info=&#8221;{}&#8221;][et_pb_row _builder_version=&#8221;4.17.3&#8243; _module_preset=&#8221;default&#8221; locked=&#8221;off&#8221; global_colors_info=&#8221;{}&#8221;][et_pb_column type=&#8221;4_4&#8243; _builder_version=&#8221;4.17.3&#8243; _module_preset=&#8221;default&#8221; global_colors_info=&#8221;{}&#8221;][et_pb_post_title meta=&#8221;off&#8221; featured_image=&#8221;off&#8221; module_id=&#8221;titulo&#8221; _builder_version=&#8221;4.17.3&#8243; _module_preset=&#8221;default&#8221; title_font=&#8221;|700|||||||&#8221; title_text_color=&#8221;#93d500&#8243; title_font_size=&#8221;42px&#8221; global_colors_info=&#8221;{}&#8221;][\/et_pb_post_title][\/et_pb_column][\/et_pb_row][et_pb_row _builder_version=&#8221;4.16&#8243; background_size=&#8221;initial&#8221; background_position=&#8221;top_left&#8221; background_repeat=&#8221;repeat&#8221; global_colors_info=&#8221;{}&#8221;][et_pb_column type=&#8221;4_4&#8243; _builder_version=&#8221;4.16&#8243; custom_padding=&#8221;|||&#8221; global_colors_info=&#8221;{}&#8221; custom_padding__hover=&#8221;|||&#8221;][et_pb_text _builder_version=&#8221;4.17.4&#8243; text_font=&#8221;|300|||||||&#8221; text_font_size=&#8221;16px&#8221; background_size=&#8221;initial&#8221; background_position=&#8221;top_left&#8221; background_repeat=&#8221;repeat&#8221; custom_padding=&#8221;||40px|||&#8221; global_colors_info=&#8221;{}&#8221;]<\/p>\n<p>EL TITULAR se compromete a proteger la privacidad de los usuarios que accedan a esta web y\/o cualquiera de sus servicios. La utilizaci\u00f3n de la web y\/o de cualquiera de los servicios ofrecidos por EL TITULAR implica la aceptaci\u00f3n por el usuario de las disposiciones contenidas en la presente Pol\u00edtica de Privacidad y que sus datos personales sean tratados seg\u00fan se estipula en ella. Por favor, tenga en cuenta que a pesar de que pueda haber enlaces de nuestra web a otras webs o redes sociales, esta Pol\u00edtica de Privacidad no se aplica a las webs de otras compa\u00f1\u00edas u organizaciones a las que la web est\u00e9 redirigida. EL TITULAR no controla el contenido de las webs de terceros, ni acepta cualquier responsabilidad por el contenido o las pol\u00edticas de privacidad de estas webs.<\/p>\n<p><strong>Informaci\u00f3n b\u00e1sica sobre el tratamiento de datos (Reglamento (UE) 2016\/679 y LO 3\/2018)<\/strong><\/p>\n<p>[\/et_pb_text][et_pb_text _builder_version=&#8221;4.17.4&#8243; _module_preset=&#8221;default&#8221; text_font=&#8221;|300|||||||&#8221; text_font_size=&#8221;16px&#8221; background_size=&#8221;initial&#8221; background_position=&#8221;top_left&#8221; background_repeat=&#8221;repeat&#8221; custom_padding=&#8221;||40px|||&#8221; global_colors_info=&#8221;{}&#8221;]<\/p>\n<table>\n<tbody>\n<tr>\n<td>Responsable del tratamiento<\/td>\n<td>EL TITULAR.<br \/>Nuestros datos figuran en el <a href=\"https:\/\/www.asiasuport.org\/aviso-legal\/\" target=\"blank\" rel=\"noopener\">aviso legal<\/a> de esta web.<\/td>\n<\/tr>\n<tr>\n<td>Finalidad del tratamiento<\/td>\n<td>Ofrecer y gestionar nuestros productos i\/o servicios.<\/td>\n<\/tr>\n<tr>\n<td>Legitimaci\u00f3n<\/td>\n<td>Consentimiento obtenido del interesado. Ejecuci\u00f3n del contrato de servicios.<\/td>\n<\/tr>\n<tr>\n<td>Destinatarios<\/td>\n<td>Los datos no ser\u00e1n comunicados a terceros, salvo que lo exija una Ley o sea necesario para cumplir con la finalidad del tratamiento.<\/td>\n<\/tr>\n<tr>\n<td>Derechos de las personas<\/td>\n<td>Los interesados tienen derecho a ejercer los derechos de acceso, rectificaci\u00f3n, limitaci\u00f3n de tratamiento, supresi\u00f3n, portabilidad y oposici\u00f3n, enviando su solicitud a nuestra direcci\u00f3n.<\/td>\n<\/tr>\n<tr>\n<td>Plazo de conservaci\u00f3n de los datos<\/td>\n<td>Mientras se mantenga la relaci\u00f3n comercial o durante los a\u00f1os necesarios para cumplir con las obligaciones legales.<\/td>\n<\/tr>\n<tr>\n<td>Reclamaci\u00f3n<\/td>\n<td>Los interesados pueden dirigirse a la AEPD para presentar la reclamaci\u00f3n que considere oportuna.<\/td>\n<\/tr>\n<tr>\n<td>Informaci\u00f3n adicional<\/td>\n<td>Puede consultar la informaci\u00f3n adicional y detallada a continuaci\u00f3n en las \u201cPreguntas sobre privacidad\u201d.<\/td>\n<\/tr>\n<\/tbody>\n<\/table>\n<p>[\/et_pb_text][et_pb_text _builder_version=&#8221;4.17.4&#8243; _module_preset=&#8221;default&#8221; text_font=&#8221;|300|||||||&#8221; text_font_size=&#8221;16px&#8221; background_size=&#8221;initial&#8221; background_position=&#8221;top_left&#8221; background_repeat=&#8221;repeat&#8221; custom_padding=&#8221;||40px|||&#8221; global_colors_info=&#8221;{}&#8221;]<\/p>\n<p><strong>PREGUNTAS SOBRE PRIVACIDAD<\/strong><\/p>\n<p>En cumplimiento del Reglamento (UE) 2016\/679 del Parlamento Europeo y del Consejo, de 27 de abril de 2016, (RGPD), y la Ley Org\u00e1nica 3\/2018, de 5 de diciembre, de Protecci\u00f3n de Datos Personales y garant\u00eda de los derechos digitales (LOPDGDD le ofrecemos la siguiente informaci\u00f3n sobre el tratamiento de sus datos personales:<\/p>\n<p><strong>\u00bfQui\u00e9n es el responsable del tratamiento de sus datos?<\/strong><\/p>\n<p>EL TITULAR.<br \/>Nuestros datos figuran en el aviso legal de esta web.<\/p>\n<p><strong>\u00bfCon qu\u00e9 finalidad tratamos sus datos personales?<\/strong><\/p>\n<ul>\n<li>Tratamos la informaci\u00f3n que se nos facilita para prestar y facturar nuestros servicios y productos.<\/li>\n<li>Si nos da su consentimiento tambi\u00e9n podremos tratar sus datos para enviarle informaci\u00f3n sobre nuestras actividades, servicios y productos.<\/li>\n<li>Si participa en alguno de nuestros sorteos y\/o concursos publicaremos su nombre y apellidos, y su imagen, en los diferentes espacios y medios de comunicaci\u00f3n y difusi\u00f3n que utilizamos, incluidas las redes sociales, con el fin de promocionar nuestras actividades, servicios y productos.<\/li>\n<\/ul>\n<p><strong>\u00bfCu\u00e1nto tiempo conservaremos sus datos?<\/strong><\/p>\n<p>Los datos personales proporcionados se conservar\u00e1n mientras sea usuario de nuestros servicios o quiera recibir informaci\u00f3n, y si participa en una promoci\u00f3n mientras est\u00e9 activa, y luego, durante los plazos establecidos para cumplir con nuestras obligaciones legales.<\/p>\n<p><strong>\u00bfCu\u00e1l es la legitimaci\u00f3n para el tratamiento de sus datos?<\/strong><\/p>\n<p>La base legal para los tratamientos de sus datos son los consentimientos que nos da.<\/p>\n<p>Respecto a la informaci\u00f3n que nos sea enviada por menores de 16 a\u00f1os, se entender\u00e1 que lo ha sido con el consentimiento de sus representantes legales. Si no es as\u00ed, el representante legal del menor nos lo tiene que comunicar tan pronto como tenga conocimiento.<\/p>\n<p><strong>\u00bfA qu\u00e9 destinatarios se comunicar\u00e1n sus datos?<\/strong><\/p>\n<p>Los datos no ser\u00e1n comunicados a terceros, salvo que lo exija una Ley o sea necesario para cumplir con la finalidad del tratamiento.<\/p>\n<p><strong>\u00bfCu\u00e1les son sus derechos cuando nos facilita sus datos?<\/strong><\/p>\n<ul>\n<li>Cualquier persona tiene derecho a obtener confirmaci\u00f3n sobre si estamos tratando o no sus datos personales.<\/li>\n<li>Los interesados tienen derecho a acceder a sus datos personales, as\u00ed como a solicitar la rectificaci\u00f3n de los datos inexactos o, en su caso, solicitar su supresi\u00f3n cuando, entre otros motivos, los datos ya no sean necesarios para las finalidades para las que se recogieron.<\/li>\n<li>En determinadas circunstancias los interesados podr\u00e1n solicitar la limitaci\u00f3n del tratamiento de sus datos, en este caso \u00fanicamente los conservaremos para el ejercicio o la defensa de reclamaciones.<\/li>\n<li>Tambi\u00e9n, en determinadas circunstancias y por motivos relacionados con su situaci\u00f3n particular, los interesados pueden oponerse al tratamiento de sus datos.<\/li>\n<li>Los interesados tambi\u00e9n tienen derecho a la portabilidad de sus datos.<\/li>\n<li>Finalmente, los interesados tienen derecho a presentar una reclamaci\u00f3n ante la Autoridad de Control competente.<\/li>\n<\/ul>\n<p><strong>\u00bfC\u00f3mo puede ejercer sus derechos?<\/strong><\/p>\n<p>Enviando un escrito adjuntando una copia de un documento que lo identifique, a nuestra direcci\u00f3n f\u00edsica o electr\u00f3nica.<\/p>\n<p><strong>\u00bfC\u00f3mo hemos obtenido sus datos?<\/strong><\/p>\n<p>Los datos personales que tratamos proceden del propio interesado. El interesado garantiza que los datos personales facilitados son ciertos y se hace responsable de comunicar cualquier modificaci\u00f3n de estos. Los datos que est\u00e9n marcados con un asterisco ser\u00e1n obligatorios para poder darle el servicio solicitado.<\/p>\n<p><strong>\u00bfQu\u00e9 datos tratamos?<\/strong><\/p>\n<p>Las categor\u00edas de datos que podemos tratar en la prestaci\u00f3n de nuestros servicios son:<\/p>\n<ul>\n<li>Datos de car\u00e1cter identificativo<\/li>\n<li>Direcciones postales o electr\u00f3nicas<\/li>\n<li>Otros datos solicitados en nuestros formularios<\/li>\n<\/ul>\n<p>Los datos son limitados, dado que \u00fanicamente tratamos los datos necesarios para la prestaci\u00f3n de nuestros servicios y la gesti\u00f3n de nuestra actividad.<\/p>\n<p><strong>\u00bfUsamos cookies?<\/strong><\/p>\n<p>Utilizamos cookies durante la navegaci\u00f3n en nuestra web con el consentimiento informado del usuario. El usuario puede configurar su navegador para ser avisado de la utilizaci\u00f3n de cookies y para evitar su uso. Para obtener m\u00e1s informaci\u00f3n visite nuestra pol\u00edtica de cookies.<\/p>\n<p><strong>\u00bfQu\u00e9 medidas de seguridad aplicamos?<\/strong><\/p>\n<p>Aplicamos las medidas de seguridad establecidas en el art\u00edculo 32 del RGPD, por tanto, hemos adoptado las medidas de seguridad necesarias para garantizar un nivel de seguridad adecuado al riesgo del tratamiento de datos que realizamos, con mecanismos que nos permiten garantizar la confidencialidad, integridad, disponibilidad y resiliencia permanente de los sistemas y servicios de tratamiento.<\/p>\n<p>Algunas de estas medidas son:<\/p>\n<ul>\n<li>Informaci\u00f3n de las pol\u00edticas de tratamiento de datos al personal.<\/li>\n<li>Realizaci\u00f3n de copias de seguridad peri\u00f3dicas.<\/li>\n<li>Control de acceso a los datos.<\/li>\n<li>Procesos de verificaci\u00f3n, evaluaci\u00f3n y valoraci\u00f3n regulares.<\/li>\n<\/ul>\n<p>[\/et_pb_text][\/et_pb_column][\/et_pb_row][\/et_pb_section]<\/p>\n","protected":false},"excerpt":{"rendered":"<p>EL TITULAR se compromete a proteger la privacidad de los usuarios que accedan a esta web y\/o cualquiera de sus servicios. La utilizaci\u00f3n de la web y\/o de cualquiera de [&hellip;]<\/p>\n","protected":false},"author":1,"featured_media":0,"parent":0,"menu_order":0,"comment_status":"closed","ping_status":"closed","template":"","meta":{"_et_pb_use_builder":"on","_et_pb_old_content":"<!-- wp:heading --><h2>Qui\u00e9nes somos<\/h2><!-- \/wp:heading --><!-- wp:paragraph --><p><strong class=\"privacy-policy-tutorial\">Texto sugerido: <\/strong>La direcci\u00f3n de nuestra web es: http:\/\/asia.grouplance.es.<\/p><!-- \/wp:paragraph --><!-- wp:heading --><h2>Comentarios<\/h2><!-- \/wp:heading --><!-- wp:paragraph --><p><strong class=\"privacy-policy-tutorial\">Texto sugerido: <\/strong>Cuando los visitantes dejan comentarios en la web, recopilamos los datos que se muestran en el formulario de comentarios, as\u00ed como la direcci\u00f3n IP del visitante y la cadena de agentes de usuario del navegador para ayudar a la detecci\u00f3n de spam.<\/p><!-- \/wp:paragraph --><!-- wp:paragraph --><p>Una cadena an\u00f3nima creada a partir de tu direcci\u00f3n de correo electr\u00f3nico (tambi\u00e9n llamada hash) puede ser proporcionada al servicio de Gravatar para ver si la est\u00e1s usando. La pol\u00edtica de privacidad del servicio Gravatar est\u00e1 disponible aqu\u00ed: https:\/\/automattic.com\/privacy\/. Despu\u00e9s de la aprobaci\u00f3n de tu comentario, la imagen de tu perfil es visible para el p\u00fablico en el contexto de tu comentario.<\/p><!-- \/wp:paragraph --><!-- wp:heading --><h2>Medios<\/h2><!-- \/wp:heading --><!-- wp:paragraph --><p><strong class=\"privacy-policy-tutorial\">Texto sugerido: <\/strong>Si subes im\u00e1genes a la web, deber\u00edas evitar subir im\u00e1genes con datos de ubicaci\u00f3n (GPS EXIF) incluidos. Los visitantes de la web pueden descargar y extraer cualquier dato de ubicaci\u00f3n de las im\u00e1genes de la web.<\/p><!-- \/wp:paragraph --><!-- wp:heading --><h2>Cookies<\/h2><!-- \/wp:heading --><!-- wp:paragraph --><p><strong class=\"privacy-policy-tutorial\">Texto sugerido: <\/strong>Si dejas un comentario en nuestro sitio puedes elegir guardar tu nombre, direcci\u00f3n de correo electr\u00f3nico y web en cookies. Esto es para tu comodidad, para que no tengas que volver a rellenar tus datos cuando dejes otro comentario. Estas cookies tendr\u00e1n una duraci\u00f3n de un a\u00f1o.<\/p><!-- \/wp:paragraph --><!-- wp:paragraph --><p>Si tienes una cuenta y te conectas a este sitio, instalaremos una cookie temporal para determinar si tu navegador acepta cookies. Esta cookie no contiene datos personales y se elimina al cerrar el navegador.<\/p><!-- \/wp:paragraph --><!-- wp:paragraph --><p>Cuando accedas, tambi\u00e9n instalaremos varias cookies para guardar tu informaci\u00f3n de acceso y tus opciones de visualizaci\u00f3n de pantalla. Las cookies de acceso duran dos d\u00edas, y las cookies de opciones de pantalla duran un a\u00f1o. Si seleccionas \u00abRecu\u00e9rdarme\u00bb, tu acceso perdurar\u00e1 durante dos semanas. Si sales de tu cuenta, las cookies de acceso se eliminar\u00e1n.<\/p><!-- \/wp:paragraph --><!-- wp:paragraph --><p>Si editas o publicas un art\u00edculo se guardar\u00e1 una cookie adicional en tu navegador. Esta cookie no incluye datos personales y simplemente indica el ID del art\u00edculo que acabas de editar. Caduca despu\u00e9s de 1 d\u00eda.<\/p><!-- \/wp:paragraph --><!-- wp:heading --><h2>Contenido incrustado de otros sitios web<\/h2><!-- \/wp:heading --><!-- wp:paragraph --><p><strong class=\"privacy-policy-tutorial\">Texto sugerido: <\/strong>Los art\u00edculos de este sitio pueden incluir contenido incrustado (por ejemplo, v\u00eddeos, im\u00e1genes, art\u00edculos, etc.). El contenido incrustado de otras webs se comporta exactamente de la misma manera que si el visitante hubiera visitado la otra web.<\/p><!-- \/wp:paragraph --><!-- wp:paragraph --><p>Estas web pueden recopilar datos sobre ti, utilizar cookies, incrustar un seguimiento adicional de terceros, y supervisar tu interacci\u00f3n con ese contenido incrustado, incluido el seguimiento de tu interacci\u00f3n con el contenido incrustado si tienes una cuenta y est\u00e1s conectado a esa web.<\/p><!-- \/wp:paragraph --><!-- wp:heading --><h2>Con qui\u00e9n compartimos tus datos<\/h2><!-- \/wp:heading --><!-- wp:paragraph --><p><strong class=\"privacy-policy-tutorial\">Texto sugerido: <\/strong>Si solicitas un restablecimiento de contrase\u00f1a, tu direcci\u00f3n IP ser\u00e1 incluida en el correo electr\u00f3nico de restablecimiento.<\/p><!-- \/wp:paragraph --><!-- wp:heading --><h2>Cu\u00e1nto tiempo conservamos tus datos<\/h2><!-- \/wp:heading --><!-- wp:paragraph --><p><strong class=\"privacy-policy-tutorial\">Texto sugerido: <\/strong>Si dejas un comentario, el comentario y sus metadatos se conservan indefinidamente. Esto es para que podamos reconocer y aprobar comentarios sucesivos autom\u00e1ticamente, en lugar de mantenerlos en una cola de moderaci\u00f3n.<\/p><!-- \/wp:paragraph --><!-- wp:paragraph --><p>De los usuarios que se registran en nuestra web (si los hay), tambi\u00e9n almacenamos la informaci\u00f3n personal que proporcionan en su perfil de usuario. Todos los usuarios pueden ver, editar o eliminar su informaci\u00f3n personal en cualquier momento (excepto que no pueden cambiar su nombre de usuario). Los administradores de la web tambi\u00e9n pueden ver y editar esa informaci\u00f3n.<\/p><!-- \/wp:paragraph --><!-- wp:heading --><h2>Qu\u00e9 derechos tienes sobre tus datos<\/h2><!-- \/wp:heading --><!-- wp:paragraph --><p><strong class=\"privacy-policy-tutorial\">Texto sugerido: <\/strong>Si tienes una cuenta o has dejado comentarios en esta web, puedes solicitar recibir un archivo de exportaci\u00f3n de los datos personales que tenemos sobre ti, incluyendo cualquier dato que nos hayas proporcionado. Tambi\u00e9n puedes solicitar que eliminemos cualquier dato personal que tengamos sobre ti. Esto no incluye ning\u00fan dato que estemos obligados a conservar con fines administrativos, legales o de seguridad.<\/p><!-- \/wp:paragraph --><!-- wp:heading --><h2>D\u00f3nde enviamos tus datos<\/h2><!-- \/wp:heading --><!-- wp:paragraph --><p><strong class=\"privacy-policy-tutorial\">Texto sugerido: <\/strong>Los comentarios de los visitantes puede que los revise un servicio de detecci\u00f3n autom\u00e1tica de spam.<\/p><!-- \/wp:paragraph -->","_et_gb_content_width":"","footnotes":""},"class_list":["post-2861","page","type-page","status-publish","hentry"],"yoast_head":"<!-- This site is optimized with the Yoast SEO plugin v27.1.1 - https:\/\/yoast.com\/product\/yoast-seo-wordpress\/ -->\n<title>Pol\u00edtica de protecci\u00f3 de dades - Asia<\/title>\n<meta name=\"description\" content=\"Asociaci\u00f3n si \u00e1nimo de lucro, que quiere dar a conocer c\u00f3mo se puede mejorar la calidad de vida de las personas afectada por la Incontinencia Anal.\" \/>\n<meta name=\"robots\" content=\"index, follow, max-snippet:-1, max-image-preview:large, max-video-preview:-1\" \/>\n<link rel=\"canonical\" href=\"https:\/\/www.asiasuport.org\/ca\/politica-de-proteccio-de-dades\/\" \/>\n<meta property=\"og:locale\" content=\"ca_ES\" \/>\n<meta property=\"og:type\" content=\"article\" \/>\n<meta property=\"og:title\" content=\"Pol\u00edtica de protecci\u00f3 de dades - Asia\" \/>\n<meta property=\"og:description\" content=\"Asociaci\u00f3n si \u00e1nimo de lucro, que quiere dar a conocer c\u00f3mo se puede mejorar la calidad de vida de las personas afectada por la Incontinencia Anal.\" \/>\n<meta property=\"og:url\" content=\"https:\/\/www.asiasuport.org\/ca\/politica-de-proteccio-de-dades\/\" \/>\n<meta property=\"og:site_name\" content=\"Asia\" \/>\n<meta property=\"article:publisher\" content=\"https:\/\/www.facebook.com\/asiaasociacion\/\" \/>\n<meta property=\"article:modified_time\" content=\"2022-07-15T07:11:22+00:00\" \/>\n<meta name=\"twitter:card\" content=\"summary_large_image\" \/>\n<meta name=\"twitter:site\" content=\"@InconAsia\" \/>\n<meta name=\"twitter:label1\" content=\"Temps estimat de lectura\" \/>\n\t<meta name=\"twitter:data1\" content=\"6 minuts\" \/>\n<script type=\"application\/ld+json\" class=\"yoast-schema-graph\">{\"@context\":\"https:\/\/schema.org\",\"@graph\":[{\"@type\":\"WebPage\",\"@id\":\"https:\/\/www.asiasuport.org\/ca\/politica-de-proteccio-de-dades\/\",\"url\":\"https:\/\/www.asiasuport.org\/ca\/politica-de-proteccio-de-dades\/\",\"name\":\"Pol\u00edtica de protecci\u00f3 de dades - Asia\",\"isPartOf\":{\"@id\":\"https:\/\/www.asiasuport.org\/ca\/#website\"},\"datePublished\":\"2022-04-27T10:01:30+00:00\",\"dateModified\":\"2022-07-15T07:11:22+00:00\",\"description\":\"Asociaci\u00f3n si \u00e1nimo de lucro, que quiere dar a conocer c\u00f3mo se puede mejorar la calidad de vida de las personas afectada por la Incontinencia Anal.\",\"breadcrumb\":{\"@id\":\"https:\/\/www.asiasuport.org\/ca\/politica-de-proteccio-de-dades\/#breadcrumb\"},\"inLanguage\":\"ca\",\"potentialAction\":[{\"@type\":\"ReadAction\",\"target\":[\"https:\/\/www.asiasuport.org\/ca\/politica-de-proteccio-de-dades\/\"]}]},{\"@type\":\"BreadcrumbList\",\"@id\":\"https:\/\/www.asiasuport.org\/ca\/politica-de-proteccio-de-dades\/#breadcrumb\",\"itemListElement\":[{\"@type\":\"ListItem\",\"position\":1,\"name\":\"Portada\",\"item\":\"https:\/\/www.asiasuport.org\/ca\/\"},{\"@type\":\"ListItem\",\"position\":2,\"name\":\"Pol\u00edtica de protecci\u00f3 de dades\"}]},{\"@type\":\"WebSite\",\"@id\":\"https:\/\/www.asiasuport.org\/ca\/#website\",\"url\":\"https:\/\/www.asiasuport.org\/ca\/\",\"name\":\"Asia\",\"description\":\"Asociaci\u00f3n Incontinencia\",\"potentialAction\":[{\"@type\":\"SearchAction\",\"target\":{\"@type\":\"EntryPoint\",\"urlTemplate\":\"https:\/\/www.asiasuport.org\/ca\/?s={search_term_string}\"},\"query-input\":{\"@type\":\"PropertyValueSpecification\",\"valueRequired\":true,\"valueName\":\"search_term_string\"}}],\"inLanguage\":\"ca\"}]}<\/script>\n<!-- \/ Yoast SEO plugin. -->","yoast_head_json":{"title":"Pol\u00edtica de protecci\u00f3 de dades - Asia","description":"Asociaci\u00f3n si \u00e1nimo de lucro, que quiere dar a conocer c\u00f3mo se puede mejorar la calidad de vida de las personas afectada por la Incontinencia Anal.","robots":{"index":"index","follow":"follow","max-snippet":"max-snippet:-1","max-image-preview":"max-image-preview:large","max-video-preview":"max-video-preview:-1"},"canonical":"https:\/\/www.asiasuport.org\/ca\/politica-de-proteccio-de-dades\/","og_locale":"ca_ES","og_type":"article","og_title":"Pol\u00edtica de protecci\u00f3 de dades - Asia","og_description":"Asociaci\u00f3n si \u00e1nimo de lucro, que quiere dar a conocer c\u00f3mo se puede mejorar la calidad de vida de las personas afectada por la Incontinencia Anal.","og_url":"https:\/\/www.asiasuport.org\/ca\/politica-de-proteccio-de-dades\/","og_site_name":"Asia","article_publisher":"https:\/\/www.facebook.com\/asiaasociacion\/","article_modified_time":"2022-07-15T07:11:22+00:00","twitter_card":"summary_large_image","twitter_site":"@InconAsia","twitter_misc":{"Temps estimat de lectura":"6 minuts"},"schema":{"@context":"https:\/\/schema.org","@graph":[{"@type":"WebPage","@id":"https:\/\/www.asiasuport.org\/ca\/politica-de-proteccio-de-dades\/","url":"https:\/\/www.asiasuport.org\/ca\/politica-de-proteccio-de-dades\/","name":"Pol\u00edtica de protecci\u00f3 de dades - Asia","isPartOf":{"@id":"https:\/\/www.asiasuport.org\/ca\/#website"},"datePublished":"2022-04-27T10:01:30+00:00","dateModified":"2022-07-15T07:11:22+00:00","description":"Asociaci\u00f3n si \u00e1nimo de lucro, que quiere dar a conocer c\u00f3mo se puede mejorar la calidad de vida de las personas afectada por la Incontinencia Anal.","breadcrumb":{"@id":"https:\/\/www.asiasuport.org\/ca\/politica-de-proteccio-de-dades\/#breadcrumb"},"inLanguage":"ca","potentialAction":[{"@type":"ReadAction","target":["https:\/\/www.asiasuport.org\/ca\/politica-de-proteccio-de-dades\/"]}]},{"@type":"BreadcrumbList","@id":"https:\/\/www.asiasuport.org\/ca\/politica-de-proteccio-de-dades\/#breadcrumb","itemListElement":[{"@type":"ListItem","position":1,"name":"Portada","item":"https:\/\/www.asiasuport.org\/ca\/"},{"@type":"ListItem","position":2,"name":"Pol\u00edtica de protecci\u00f3 de dades"}]},{"@type":"WebSite","@id":"https:\/\/www.asiasuport.org\/ca\/#website","url":"https:\/\/www.asiasuport.org\/ca\/","name":"Asia","description":"Asociaci\u00f3n Incontinencia","potentialAction":[{"@type":"SearchAction","target":{"@type":"EntryPoint","urlTemplate":"https:\/\/www.asiasuport.org\/ca\/?s={search_term_string}"},"query-input":{"@type":"PropertyValueSpecification","valueRequired":true,"valueName":"search_term_string"}}],"inLanguage":"ca"}]}},"_links":{"self":[{"href":"https:\/\/www.asiasuport.org\/ca\/wp-json\/wp\/v2\/pages\/2861","targetHints":{"allow":["GET"]}}],"collection":[{"href":"https:\/\/www.asiasuport.org\/ca\/wp-json\/wp\/v2\/pages"}],"about":[{"href":"https:\/\/www.asiasuport.org\/ca\/wp-json\/wp\/v2\/types\/page"}],"author":[{"embeddable":true,"href":"https:\/\/www.asiasuport.org\/ca\/wp-json\/wp\/v2\/users\/1"}],"replies":[{"embeddable":true,"href":"https:\/\/www.asiasuport.org\/ca\/wp-json\/wp\/v2\/comments?post=2861"}],"version-history":[{"count":2,"href":"https:\/\/www.asiasuport.org\/ca\/wp-json\/wp\/v2\/pages\/2861\/revisions"}],"predecessor-version":[{"id":2864,"href":"https:\/\/www.asiasuport.org\/ca\/wp-json\/wp\/v2\/pages\/2861\/revisions\/2864"}],"wp:attachment":[{"href":"https:\/\/www.asiasuport.org\/ca\/wp-json\/wp\/v2\/media?parent=2861"}],"curies":[{"name":"wp","href":"https:\/\/api.w.org\/{rel}","templated":true}]}}