{"id":2752,"date":"2022-06-04T07:28:42","date_gmt":"2022-06-04T05:28:42","guid":{"rendered":"https:\/\/www.asiasuport.org\/qui-som\/memorias-anuales-asambleas-socios-as-asia\/"},"modified":"2022-07-12T11:30:05","modified_gmt":"2022-07-12T11:30:05","slug":"memories-anuals-assemblees-socis-es-asia","status":"publish","type":"page","link":"https:\/\/www.asiasuport.org\/ca\/qui-som\/memories-anuals-assemblees-socis-es-asia\/","title":{"rendered":"Mem\u00f2ries Anuals\/Assemblees socis-es ASIA"},"content":{"rendered":"<p>[et_pb_section fb_built=&#8221;1&#8243; _builder_version=&#8221;4.17.3&#8243; _module_preset=&#8221;default&#8221; width=&#8221;100%&#8221; max_width=&#8221;100%&#8221; module_alignment=&#8221;center&#8221; custom_margin=&#8221;0px||||false|false&#8221; custom_padding=&#8221;0px||0px||false|false&#8221; global_colors_info=&#8221;{}&#8221;][et_pb_row _builder_version=&#8221;4.17.3&#8243; _module_preset=&#8221;default&#8221; width=&#8221;100%&#8221; max_width=&#8221;100%&#8221; module_alignment=&#8221;center&#8221; custom_margin=&#8221;0px||||false|false&#8221; custom_padding=&#8221;0px||0px||false|false&#8221; global_colors_info=&#8221;{}&#8221;][et_pb_column type=&#8221;4_4&#8243; _builder_version=&#8221;4.17.3&#8243; _module_preset=&#8221;default&#8221; global_colors_info=&#8221;{}&#8221;][et_pb_nextend_smart_slider_3 _builder_version=&#8221;4.17.3&#8243; _module_preset=&#8221;default&#8221; global_colors_info=&#8221;{}&#8221;][\/et_pb_nextend_smart_slider_3][\/et_pb_column][\/et_pb_row][\/et_pb_section][et_pb_section fb_built=&#8221;1&#8243; _builder_version=&#8221;4.17.3&#8243; _module_preset=&#8221;default&#8221; global_colors_info=&#8221;{}&#8221;][et_pb_row _builder_version=&#8221;4.17.3&#8243; _module_preset=&#8221;default&#8221; global_colors_info=&#8221;{}&#8221;][et_pb_column type=&#8221;4_4&#8243; _builder_version=&#8221;4.17.3&#8243; _module_preset=&#8221;default&#8221; global_colors_info=&#8221;{}&#8221;][et_pb_post_title meta=&#8221;off&#8221; featured_image=&#8221;off&#8221; module_id=&#8221;titulo&#8221; _builder_version=&#8221;4.17.3&#8243; _module_preset=&#8221;default&#8221; title_font=&#8221;|700|||||||&#8221; title_text_color=&#8221;#93d500&#8243; title_font_size=&#8221;42px&#8221; global_colors_info=&#8221;{}&#8221;][\/et_pb_post_title][\/et_pb_column][\/et_pb_row][et_pb_row _builder_version=&#8221;4.17.3&#8243; _module_preset=&#8221;default&#8221; global_colors_info=&#8221;{}&#8221;][et_pb_column type=&#8221;4_4&#8243; _builder_version=&#8221;4.17.3&#8243; _module_preset=&#8221;default&#8221; global_colors_info=&#8221;{}&#8221;][et_pb_text admin_label=&#8221;memorias 2021&#8243; module_class=&#8221;contenidos&#8221; _builder_version=&#8221;4.17.3&#8243; _dynamic_attributes=&#8221;link_option_url&#8221; _module_preset=&#8221;default&#8221; link_option_url=&#8221;@ET-DC@eyJkeW5hbWljIjp0cnVlLCJjb250ZW50IjoicG9zdF9saW5rX3VybF9hdHRhY2htZW50Iiwic2V0dGluZ3MiOnsicG9zdF9pZCI6IjgxOCJ9fQ==@&#8221; link_option_url_new_window=&#8221;on&#8221; global_colors_info=&#8221;{}&#8221;]<\/p>\n<table style=\"border-collapse: collapse; width: 100%;\" border=\"0\">\n<tbody>\n<tr>\n<td style=\"width: 90px;\"><img decoding=\"async\" class=\"wp-image-771 alignnone size-full\" style=\"margin-right: 1rem;\" src=\"\/wp-content\/uploads\/2022\/06\/descargar-pdf.svg\" alt=\"Descargar PDF\" width=\"40\" height=\"auto\" \/><\/td>\n<td style=\"width: auto;\"><strong>Memories ASIS 2021<\/strong> (PDF)<\/td>\n<\/tr>\n<\/tbody>\n<\/table>\n<p>[\/et_pb_text][et_pb_text admin_label=&#8221;asamblea 2020-21&#8243; module_class=&#8221;contenidos&#8221; _builder_version=&#8221;4.17.3&#8243; _dynamic_attributes=&#8221;link_option_url&#8221; _module_preset=&#8221;default&#8221; link_option_url=&#8221;@ET-DC@eyJkeW5hbWljIjp0cnVlLCJjb250ZW50IjoicG9zdF9saW5rX3VybF9hdHRhY2htZW50Iiwic2V0dGluZ3MiOnsicG9zdF9pZCI6Ijc5NyJ9fQ==@&#8221; link_option_url_new_window=&#8221;on&#8221; global_colors_info=&#8221;{}&#8221;]<\/p>\n<table style=\"border-collapse: collapse; width: 100%;\" border=\"0\">\n<tbody>\n<tr>\n<td style=\"width: 90px;\"><img decoding=\"async\" class=\"wp-image-771 alignnone size-full\" style=\"margin-right: 1rem;\" src=\"\/wp-content\/uploads\/2022\/06\/descargar-pdf.svg\" alt=\"Descargar PDF\" width=\"40\" height=\"auto\" \/><\/td>\n<td style=\"width: auto;\"><strong>Assemblea General Socis-es 2020-2021<\/strong> (PDF)<\/td>\n<\/tr>\n<\/tbody>\n<\/table>\n<p>[\/et_pb_text][et_pb_text admin_label=&#8221;memoria 2020&#8243; module_class=&#8221;contenidos&#8221; _builder_version=&#8221;4.17.3&#8243; _dynamic_attributes=&#8221;link_option_url&#8221; _module_preset=&#8221;default&#8221; link_option_url=&#8221;@ET-DC@eyJkeW5hbWljIjp0cnVlLCJjb250ZW50IjoicG9zdF9saW5rX3VybF9hdHRhY2htZW50Iiwic2V0dGluZ3MiOnsicG9zdF9pZCI6IjgxMiJ9fQ==@&#8221; link_option_url_new_window=&#8221;on&#8221; global_colors_info=&#8221;{}&#8221;]<\/p>\n<table style=\"border-collapse: collapse; width: 100%;\" border=\"0\">\n<tbody>\n<tr>\n<td style=\"width: 90px;\"><img decoding=\"async\" class=\"wp-image-771 alignnone size-full\" style=\"margin-right: 1rem;\" src=\"\/wp-content\/uploads\/2022\/06\/descargar-pdf.svg\" alt=\"Descargar PDF\" width=\"40\" height=\"auto\" \/><\/td>\n<td style=\"width: auto;\"><strong>Memories Anuals ASIA 2020<\/strong> (PDF)<\/td>\n<\/tr>\n<\/tbody>\n<\/table>\n<p>[\/et_pb_text][et_pb_text admin_label=&#8221;convocatoria socios&#8221; module_class=&#8221;contenidos&#8221; _builder_version=&#8221;4.17.3&#8243; _dynamic_attributes=&#8221;link_option_url&#8221; _module_preset=&#8221;default&#8221; link_option_url=&#8221;@ET-DC@eyJkeW5hbWljIjp0cnVlLCJjb250ZW50IjoicG9zdF9saW5rX3VybF9hdHRhY2htZW50Iiwic2V0dGluZ3MiOnsicG9zdF9pZCI6IjgwMyJ9fQ==@&#8221; link_option_url_new_window=&#8221;on&#8221; global_colors_info=&#8221;{}&#8221;]<\/p>\n<table style=\"border-collapse: collapse; width: 100%;\" border=\"0\">\n<tbody>\n<tr>\n<td style=\"width: 90px;\"><img decoding=\"async\" class=\"wp-image-771 alignnone size-full\" style=\"margin-right: 1rem;\" src=\"\/wp-content\/uploads\/2022\/06\/descargar-pdf.svg\" alt=\"Descargar PDF\" width=\"40\" height=\"auto\" \/><\/td>\n<td style=\"width: auto;\"><strong>Convocatoria Assemblea Anual de Socis-es <\/strong> (PDF)<\/td>\n<\/tr>\n<\/tbody>\n<\/table>\n<p>[\/et_pb_text][et_pb_text admin_label=&#8221;asamblea junio 2020&#8243; module_class=&#8221;contenidos&#8221; _builder_version=&#8221;4.17.3&#8243; _dynamic_attributes=&#8221;link_option_url&#8221; _module_preset=&#8221;default&#8221; link_option_url=&#8221;@ET-DC@eyJkeW5hbWljIjp0cnVlLCJjb250ZW50IjoicG9zdF9saW5rX3VybF9hdHRhY2htZW50Iiwic2V0dGluZ3MiOnsicG9zdF9pZCI6IjgwMCJ9fQ==@&#8221; link_option_url_new_window=&#8221;on&#8221; global_colors_info=&#8221;{}&#8221;]<\/p>\n<table style=\"border-collapse: collapse; width: 100%;\" border=\"0\">\n<tbody>\n<tr>\n<td style=\"width: 90px;\"><img decoding=\"async\" class=\"wp-image-771 alignnone size-full\" style=\"margin-right: 1rem;\" src=\"\/wp-content\/uploads\/2022\/06\/descargar-pdf.svg\" alt=\"Descargar PDF\" width=\"40\" height=\"auto\" \/><\/td>\n<td style=\"width: auto;\"><strong>Assemblea General Juny 2020 <\/strong> (PDF)<\/td>\n<\/tr>\n<\/tbody>\n<\/table>\n<p>[\/et_pb_text][et_pb_text admin_label=&#8221;acta 2020&#8243; module_class=&#8221;contenidos&#8221; _builder_version=&#8221;4.17.3&#8243; _dynamic_attributes=&#8221;link_option_url&#8221; _module_preset=&#8221;default&#8221; link_option_url=&#8221;@ET-DC@eyJkeW5hbWljIjp0cnVlLCJjb250ZW50IjoicG9zdF9saW5rX3VybF9hdHRhY2htZW50Iiwic2V0dGluZ3MiOnsicG9zdF9pZCI6IjgwNiJ9fQ==@&#8221; link_option_url_new_window=&#8221;on&#8221; global_colors_info=&#8221;{}&#8221;]<\/p>\n<table style=\"border-collapse: collapse; width: 100%;\" border=\"0\">\n<tbody>\n<tr>\n<td style=\"width: 90px;\"><img decoding=\"async\" class=\"wp-image-771 alignnone size-full\" style=\"margin-right: 1rem;\" src=\"\/wp-content\/uploads\/2022\/06\/descargar-pdf.svg\" alt=\"Descargar PDF\" width=\"40\" height=\"auto\" \/><\/td>\n<td style=\"width: auto;\"><strong>Acta Assemblea 2020 <\/strong> (PDF)<\/td>\n<\/tr>\n<\/tbody>\n<\/table>\n<p>[\/et_pb_text][et_pb_text admin_label=&#8221;memorias 2019&#8243; module_class=&#8221;contenidos&#8221; _builder_version=&#8221;4.17.3&#8243; _dynamic_attributes=&#8221;link_option_url&#8221; _module_preset=&#8221;default&#8221; link_option_url=&#8221;@ET-DC@eyJkeW5hbWljIjp0cnVlLCJjb250ZW50IjoicG9zdF9saW5rX3VybF9hdHRhY2htZW50Iiwic2V0dGluZ3MiOnsicG9zdF9pZCI6IjgxNSJ9fQ==@&#8221; link_option_url_new_window=&#8221;on&#8221; global_colors_info=&#8221;{}&#8221;]<\/p>\n<table style=\"border-collapse: collapse; width: 100%;\" border=\"0\">\n<tbody>\n<tr>\n<td style=\"width: 90px;\"><img decoding=\"async\" class=\"wp-image-771 alignnone size-full\" style=\"margin-right: 1rem;\" src=\"\/wp-content\/uploads\/2022\/06\/descargar-pdf.svg\" alt=\"Descargar PDF\" width=\"40\" height=\"auto\" \/><\/td>\n<td style=\"width: auto;\"><strong>Memories 2019<\/strong> (PDF)<\/td>\n<\/tr>\n<\/tbody>\n<\/table>\n<p>[\/et_pb_text][et_pb_text admin_label=&#8221;memorias 2016&#8243; module_class=&#8221;contenidos&#8221; _builder_version=&#8221;4.17.3&#8243; _dynamic_attributes=&#8221;link_option_url&#8221; _module_preset=&#8221;default&#8221; link_option_url=&#8221;@ET-DC@eyJkeW5hbWljIjp0cnVlLCJjb250ZW50IjoicG9zdF9saW5rX3VybF9hdHRhY2htZW50Iiwic2V0dGluZ3MiOnsicG9zdF9pZCI6IjgyNCJ9fQ==@&#8221; link_option_url_new_window=&#8221;on&#8221; global_colors_info=&#8221;{}&#8221;]<\/p>\n<table style=\"border-collapse: collapse; width: 100%;\" border=\"0\">\n<tbody>\n<tr>\n<td style=\"width: 90px;\"><img decoding=\"async\" class=\"wp-image-771 alignnone size-full\" style=\"margin-right: 1rem;\" src=\"\/wp-content\/uploads\/2022\/06\/descargar-pdf.svg\" alt=\"Descargar PDF\" width=\"40\" height=\"auto\" \/><\/td>\n<td style=\"width: auto;\"><strong>Memories 2016<\/strong> (PDF)<\/td>\n<\/tr>\n<\/tbody>\n<\/table>\n<p>[\/et_pb_text][et_pb_text admin_label=&#8221;memorias 2016&#8243; module_class=&#8221;contenidos&#8221; _builder_version=&#8221;4.17.3&#8243; _dynamic_attributes=&#8221;link_option_url&#8221; _module_preset=&#8221;default&#8221; link_option_url=&#8221;@ET-DC@eyJkeW5hbWljIjp0cnVlLCJjb250ZW50IjoicG9zdF9saW5rX3VybF9hdHRhY2htZW50Iiwic2V0dGluZ3MiOnsicG9zdF9pZCI6IjgyMSJ9fQ==@&#8221; link_option_url_new_window=&#8221;on&#8221; global_colors_info=&#8221;{}&#8221;]<\/p>\n<table style=\"border-collapse: collapse; width: 100%;\" border=\"0\">\n<tbody>\n<tr>\n<td style=\"width: 90px;\"><img decoding=\"async\" class=\"wp-image-771 alignnone size-full\" style=\"margin-right: 1rem;\" src=\"\/wp-content\/uploads\/2022\/06\/descargar-pdf.svg\" alt=\"Descargar PDF\" width=\"40\" height=\"auto\" \/><\/td>\n<td style=\"width: auto;\"><strong>Memories 2015<\/strong> (PDF)<\/td>\n<\/tr>\n<\/tbody>\n<\/table>\n<p>[\/et_pb_text][et_pb_text module_class=&#8221;contenidos&#8221; _builder_version=&#8221;4.17.3&#8243; _dynamic_attributes=&#8221;link_option_url&#8221; _module_preset=&#8221;default&#8221; link_option_url=&#8221;@ET-DC@eyJkeW5hbWljIjp0cnVlLCJjb250ZW50IjoicG9zdF9saW5rX3VybF9hdHRhY2htZW50Iiwic2V0dGluZ3MiOnsicG9zdF9pZCI6IjgwOSJ9fQ==@&#8221; link_option_url_new_window=&#8221;on&#8221; global_colors_info=&#8221;{}&#8221;]<\/p>\n<table style=\"border-collapse: collapse; width: 100%;\" border=\"0\">\n<tbody>\n<tr>\n<td style=\"width: 90px;\"><img decoding=\"async\" class=\"wp-image-771 alignnone size-full\" style=\"margin-right: 1rem;\" src=\"\/wp-content\/uploads\/2022\/06\/descargar-pdf.svg\" alt=\"Descargar PDF\" width=\"40\" height=\"auto\" \/><\/td>\n<td style=\"width: auto;\"><strong>Memories 2014<\/strong> (PDF)<\/td>\n<\/tr>\n<\/tbody>\n<\/table>\n<p>[\/et_pb_text][\/et_pb_column][\/et_pb_row][\/et_pb_section]<\/p>\n","protected":false},"excerpt":{"rendered":"<p>Memories ASIS 2021 (PDF) Assemblea General Socis-es 2020-2021 (PDF) Memories Anuals ASIA 2020 (PDF) Convocatoria Assemblea Anual de Socis-es (PDF) Assemblea General Juny 2020 (PDF) Acta Assemblea 2020 (PDF) Memories [&hellip;]<\/p>\n","protected":false},"author":2,"featured_media":0,"parent":2717,"menu_order":0,"comment_status":"closed","ping_status":"closed","template":"","meta":{"_et_pb_use_builder":"on","_et_pb_old_content":"","_et_gb_content_width":"","footnotes":""},"class_list":["post-2752","page","type-page","status-publish","hentry"],"yoast_head":"<!-- This site is optimized with the Yoast SEO plugin v27.1.1 - https:\/\/yoast.com\/product\/yoast-seo-wordpress\/ -->\n<title>Mem\u00f2ries Anuals\/Assemblees socis-es ASIA - Asia<\/title>\n<meta name=\"description\" content=\"Asociaci\u00f3n si \u00e1nimo de lucro, que quiere dar a conocer c\u00f3mo se puede mejorar la calidad de vida de las personas afectada por la Incontinencia Anal.\" \/>\n<meta name=\"robots\" content=\"index, follow, max-snippet:-1, max-image-preview:large, max-video-preview:-1\" \/>\n<link rel=\"canonical\" href=\"https:\/\/www.asiasuport.org\/ca\/qui-som\/memories-anuals-assemblees-socis-es-asia\/\" \/>\n<meta property=\"og:locale\" content=\"ca_ES\" \/>\n<meta property=\"og:type\" content=\"article\" \/>\n<meta property=\"og:title\" content=\"Mem\u00f2ries Anuals\/Assemblees socis-es ASIA - Asia\" \/>\n<meta property=\"og:description\" content=\"Asociaci\u00f3n si \u00e1nimo de lucro, que quiere dar a conocer c\u00f3mo se puede mejorar la calidad de vida de las personas afectada por la Incontinencia Anal.\" \/>\n<meta property=\"og:url\" content=\"https:\/\/www.asiasuport.org\/ca\/qui-som\/memories-anuals-assemblees-socis-es-asia\/\" \/>\n<meta property=\"og:site_name\" content=\"Asia\" \/>\n<meta property=\"article:publisher\" content=\"https:\/\/www.facebook.com\/asiaasociacion\/\" \/>\n<meta property=\"article:modified_time\" content=\"2022-07-12T11:30:05+00:00\" \/>\n<meta name=\"twitter:card\" content=\"summary_large_image\" \/>\n<meta name=\"twitter:site\" content=\"@InconAsia\" \/>\n<meta name=\"twitter:label1\" content=\"Temps estimat de lectura\" \/>\n\t<meta name=\"twitter:data1\" content=\"4 minuts\" \/>\n<script type=\"application\/ld+json\" class=\"yoast-schema-graph\">{\"@context\":\"https:\/\/schema.org\",\"@graph\":[{\"@type\":\"WebPage\",\"@id\":\"https:\/\/www.asiasuport.org\/ca\/qui-som\/memories-anuals-assemblees-socis-es-asia\/\",\"url\":\"https:\/\/www.asiasuport.org\/ca\/qui-som\/memories-anuals-assemblees-socis-es-asia\/\",\"name\":\"Mem\u00f2ries Anuals\/Assemblees socis-es ASIA - Asia\",\"isPartOf\":{\"@id\":\"https:\/\/www.asiasuport.org\/ca\/#website\"},\"datePublished\":\"2022-06-04T05:28:42+00:00\",\"dateModified\":\"2022-07-12T11:30:05+00:00\",\"description\":\"Asociaci\u00f3n si \u00e1nimo de lucro, que quiere dar a conocer c\u00f3mo se puede mejorar la calidad de vida de las personas afectada por la Incontinencia Anal.\",\"breadcrumb\":{\"@id\":\"https:\/\/www.asiasuport.org\/ca\/qui-som\/memories-anuals-assemblees-socis-es-asia\/#breadcrumb\"},\"inLanguage\":\"ca\",\"potentialAction\":[{\"@type\":\"ReadAction\",\"target\":[\"https:\/\/www.asiasuport.org\/ca\/qui-som\/memories-anuals-assemblees-socis-es-asia\/\"]}]},{\"@type\":\"BreadcrumbList\",\"@id\":\"https:\/\/www.asiasuport.org\/ca\/qui-som\/memories-anuals-assemblees-socis-es-asia\/#breadcrumb\",\"itemListElement\":[{\"@type\":\"ListItem\",\"position\":1,\"name\":\"Portada\",\"item\":\"https:\/\/www.asiasuport.org\/ca\/\"},{\"@type\":\"ListItem\",\"position\":2,\"name\":\"Qui Som\",\"item\":\"https:\/\/www.asiasuport.org\/ca\/qui-som\/\"},{\"@type\":\"ListItem\",\"position\":3,\"name\":\"Mem\u00f2ries Anuals\/Assemblees socis-es ASIA\"}]},{\"@type\":\"WebSite\",\"@id\":\"https:\/\/www.asiasuport.org\/ca\/#website\",\"url\":\"https:\/\/www.asiasuport.org\/ca\/\",\"name\":\"Asia\",\"description\":\"Asociaci\u00f3n Incontinencia\",\"potentialAction\":[{\"@type\":\"SearchAction\",\"target\":{\"@type\":\"EntryPoint\",\"urlTemplate\":\"https:\/\/www.asiasuport.org\/ca\/?s={search_term_string}\"},\"query-input\":{\"@type\":\"PropertyValueSpecification\",\"valueRequired\":true,\"valueName\":\"search_term_string\"}}],\"inLanguage\":\"ca\"}]}<\/script>\n<!-- \/ Yoast SEO plugin. -->","yoast_head_json":{"title":"Mem\u00f2ries Anuals\/Assemblees socis-es ASIA - Asia","description":"Asociaci\u00f3n si \u00e1nimo de lucro, que quiere dar a conocer c\u00f3mo se puede mejorar la calidad de vida de las personas afectada por la Incontinencia Anal.","robots":{"index":"index","follow":"follow","max-snippet":"max-snippet:-1","max-image-preview":"max-image-preview:large","max-video-preview":"max-video-preview:-1"},"canonical":"https:\/\/www.asiasuport.org\/ca\/qui-som\/memories-anuals-assemblees-socis-es-asia\/","og_locale":"ca_ES","og_type":"article","og_title":"Mem\u00f2ries Anuals\/Assemblees socis-es ASIA - Asia","og_description":"Asociaci\u00f3n si \u00e1nimo de lucro, que quiere dar a conocer c\u00f3mo se puede mejorar la calidad de vida de las personas afectada por la Incontinencia Anal.","og_url":"https:\/\/www.asiasuport.org\/ca\/qui-som\/memories-anuals-assemblees-socis-es-asia\/","og_site_name":"Asia","article_publisher":"https:\/\/www.facebook.com\/asiaasociacion\/","article_modified_time":"2022-07-12T11:30:05+00:00","twitter_card":"summary_large_image","twitter_site":"@InconAsia","twitter_misc":{"Temps estimat de lectura":"4 minuts"},"schema":{"@context":"https:\/\/schema.org","@graph":[{"@type":"WebPage","@id":"https:\/\/www.asiasuport.org\/ca\/qui-som\/memories-anuals-assemblees-socis-es-asia\/","url":"https:\/\/www.asiasuport.org\/ca\/qui-som\/memories-anuals-assemblees-socis-es-asia\/","name":"Mem\u00f2ries Anuals\/Assemblees socis-es ASIA - Asia","isPartOf":{"@id":"https:\/\/www.asiasuport.org\/ca\/#website"},"datePublished":"2022-06-04T05:28:42+00:00","dateModified":"2022-07-12T11:30:05+00:00","description":"Asociaci\u00f3n si \u00e1nimo de lucro, que quiere dar a conocer c\u00f3mo se puede mejorar la calidad de vida de las personas afectada por la Incontinencia Anal.","breadcrumb":{"@id":"https:\/\/www.asiasuport.org\/ca\/qui-som\/memories-anuals-assemblees-socis-es-asia\/#breadcrumb"},"inLanguage":"ca","potentialAction":[{"@type":"ReadAction","target":["https:\/\/www.asiasuport.org\/ca\/qui-som\/memories-anuals-assemblees-socis-es-asia\/"]}]},{"@type":"BreadcrumbList","@id":"https:\/\/www.asiasuport.org\/ca\/qui-som\/memories-anuals-assemblees-socis-es-asia\/#breadcrumb","itemListElement":[{"@type":"ListItem","position":1,"name":"Portada","item":"https:\/\/www.asiasuport.org\/ca\/"},{"@type":"ListItem","position":2,"name":"Qui Som","item":"https:\/\/www.asiasuport.org\/ca\/qui-som\/"},{"@type":"ListItem","position":3,"name":"Mem\u00f2ries Anuals\/Assemblees socis-es ASIA"}]},{"@type":"WebSite","@id":"https:\/\/www.asiasuport.org\/ca\/#website","url":"https:\/\/www.asiasuport.org\/ca\/","name":"Asia","description":"Asociaci\u00f3n Incontinencia","potentialAction":[{"@type":"SearchAction","target":{"@type":"EntryPoint","urlTemplate":"https:\/\/www.asiasuport.org\/ca\/?s={search_term_string}"},"query-input":{"@type":"PropertyValueSpecification","valueRequired":true,"valueName":"search_term_string"}}],"inLanguage":"ca"}]}},"_links":{"self":[{"href":"https:\/\/www.asiasuport.org\/ca\/wp-json\/wp\/v2\/pages\/2752","targetHints":{"allow":["GET"]}}],"collection":[{"href":"https:\/\/www.asiasuport.org\/ca\/wp-json\/wp\/v2\/pages"}],"about":[{"href":"https:\/\/www.asiasuport.org\/ca\/wp-json\/wp\/v2\/types\/page"}],"author":[{"embeddable":true,"href":"https:\/\/www.asiasuport.org\/ca\/wp-json\/wp\/v2\/users\/2"}],"replies":[{"embeddable":true,"href":"https:\/\/www.asiasuport.org\/ca\/wp-json\/wp\/v2\/comments?post=2752"}],"version-history":[{"count":5,"href":"https:\/\/www.asiasuport.org\/ca\/wp-json\/wp\/v2\/pages\/2752\/revisions"}],"predecessor-version":[{"id":2759,"href":"https:\/\/www.asiasuport.org\/ca\/wp-json\/wp\/v2\/pages\/2752\/revisions\/2759"}],"up":[{"embeddable":true,"href":"https:\/\/www.asiasuport.org\/ca\/wp-json\/wp\/v2\/pages\/2717"}],"wp:attachment":[{"href":"https:\/\/www.asiasuport.org\/ca\/wp-json\/wp\/v2\/media?parent=2752"}],"curies":[{"name":"wp","href":"https:\/\/api.w.org\/{rel}","templated":true}]}}